{"id":945,"date":"2022-04-19T16:48:29","date_gmt":"2022-04-19T14:48:29","guid":{"rendered":"https:\/\/www.amigosdelcrochet.com\/?page_id=945"},"modified":"2022-07-06T17:08:39","modified_gmt":"2022-07-06T15:08:39","slug":"comprar","status":"publish","type":"page","link":"https:\/\/www.amigosdelcrochet.com\/index.php\/comprar\/","title":{"rendered":"Proceso de Compra"},"content":{"rendered":"\t\t<div data-elementor-type=\"wp-page\" data-elementor-id=\"945\" class=\"elementor elementor-945\">\n\t\t\t\t\t\t\t\t\t<section class=\"elementor-section elementor-top-section elementor-element elementor-element-e4bdbc4 elementor-section-boxed elementor-section-height-default elementor-section-height-default\" data-id=\"e4bdbc4\" data-element_type=\"section\">\n\t\t\t\t\t\t<div class=\"elementor-container elementor-column-gap-default\">\n\t\t\t\t\t<div class=\"elementor-column elementor-col-100 elementor-top-column elementor-element elementor-element-1069872\" data-id=\"1069872\" data-element_type=\"column\">\n\t\t\t<div class=\"elementor-widget-wrap elementor-element-populated\">\n\t\t\t\t\t\t\t\t<div class=\"elementor-element elementor-element-239234d elementor-widget elementor-widget-heading\" data-id=\"239234d\" data-element_type=\"widget\" data-widget_type=\"heading.default\">\n\t\t\t\t<div class=\"elementor-widget-container\">\n\t\t\t<style>\/*! elementor - v3.11.2 - 22-02-2023 *\/\n.elementor-heading-title{padding:0;margin:0;line-height:1}.elementor-widget-heading .elementor-heading-title[class*=elementor-size-]>a{color:inherit;font-size:inherit;line-height:inherit}.elementor-widget-heading .elementor-heading-title.elementor-size-small{font-size:15px}.elementor-widget-heading .elementor-heading-title.elementor-size-medium{font-size:19px}.elementor-widget-heading .elementor-heading-title.elementor-size-large{font-size:29px}.elementor-widget-heading .elementor-heading-title.elementor-size-xl{font-size:39px}.elementor-widget-heading .elementor-heading-title.elementor-size-xxl{font-size:59px}<\/style><h2 class=\"elementor-heading-title elementor-size-default\">Para adquirir una de nuestras Mu\u00f1ecas Mayeli o uno de nuestros juguetes el proceso es muy sencillo:<\/h2>\t\t<\/div>\n\t\t\t\t<\/div>\n\t\t\t\t\t<\/div>\n\t\t<\/div>\n\t\t\t\t\t\t\t<\/div>\n\t\t<\/section>\n\t\t\t\t<section class=\"elementor-section elementor-top-section elementor-element elementor-element-a2b8186 elementor-section-boxed elementor-section-height-default elementor-section-height-default\" data-id=\"a2b8186\" data-element_type=\"section\">\n\t\t\t\t\t\t<div class=\"elementor-container elementor-column-gap-default\">\n\t\t\t\t\t<div class=\"elementor-column elementor-col-100 elementor-top-column elementor-element elementor-element-d12412a\" data-id=\"d12412a\" data-element_type=\"column\">\n\t\t\t<div class=\"elementor-widget-wrap elementor-element-populated\">\n\t\t\t\t\t\t\t\t<div class=\"elementor-element elementor-element-1137945 elementor-widget elementor-widget-text-editor\" data-id=\"1137945\" data-element_type=\"widget\" data-widget_type=\"text-editor.default\">\n\t\t\t\t<div class=\"elementor-widget-container\">\n\t\t\t<style>\/*! elementor - v3.11.2 - 22-02-2023 *\/\n.elementor-widget-text-editor.elementor-drop-cap-view-stacked .elementor-drop-cap{background-color:#818a91;color:#fff}.elementor-widget-text-editor.elementor-drop-cap-view-framed .elementor-drop-cap{color:#818a91;border:3px solid;background-color:transparent}.elementor-widget-text-editor:not(.elementor-drop-cap-view-default) .elementor-drop-cap{margin-top:8px}.elementor-widget-text-editor:not(.elementor-drop-cap-view-default) .elementor-drop-cap-letter{width:1em;height:1em}.elementor-widget-text-editor .elementor-drop-cap{float:left;text-align:center;line-height:1;font-size:50px}.elementor-widget-text-editor .elementor-drop-cap-letter{display:inline-block}<\/style>\t\t\t\t<p>\u00a0<\/p><ol><li>Elige una mu\u00f1eca o juguete de nuestro cat\u00e1logo y guarda su n\u00famero.<\/li><li>Escr\u00edbenos por <a href=\"https:\/\/www.facebook.com\/amigosdelcrochet\/\">Facebook<\/a>\u00a0 o por <a href=\"https:\/\/www.instagram.com\/knittingfriends_manualidades\/\">Instagram<\/a> para ver la disponibilidad e informarte bien de todos los detalles.<\/li><li>Si la mu\u00f1eca\u00a0 o juguete esta ya realizado, p\u00e1sanos tus datos y direcci\u00f3n de env\u00edo y se realizar\u00e1 el pago.<\/li><li>El pago puede ser por Bizum o PayPal.<\/li><li>Si no lo tenemos\u00a0 o no est\u00e1 en nuestro cat\u00e1logo, escr\u00edbenos y te responderemos sobre disponibilidad, fechas de entrega y m\u00e1s detalles.<\/li><li>El env\u00edo tardar\u00e1 una semana aproximadamente (Espa\u00f1a).<\/li><li>Recuerda que adem\u00e1s tenemos otras opciones de juguetes tejidos en nuestra Galer\u00eda, vis\u00edtanos.<\/li><\/ol>\t\t\t\t\t\t<\/div>\n\t\t\t\t<\/div>\n\t\t\t\t\t<\/div>\n\t\t<\/div>\n\t\t\t\t\t\t\t<\/div>\n\t\t<\/section>\n\t\t\t\t<section class=\"elementor-section elementor-top-section elementor-element elementor-element-cdf5eb8 elementor-section-boxed elementor-section-height-default elementor-section-height-default\" data-id=\"cdf5eb8\" data-element_type=\"section\">\n\t\t\t\t\t\t<div class=\"elementor-container elementor-column-gap-default\">\n\t\t\t\t\t<div class=\"elementor-column elementor-col-100 elementor-top-column elementor-element elementor-element-6a7c803\" data-id=\"6a7c803\" data-element_type=\"column\">\n\t\t\t<div class=\"elementor-widget-wrap\">\n\t\t\t\t\t\t\t\t\t<\/div>\n\t\t<\/div>\n\t\t\t\t\t\t\t<\/div>\n\t\t<\/section>\n\t\t\t\t\t\t\t<\/div>\n\t\t","protected":false},"excerpt":{"rendered":"<p>Para adquirir una de nuestras Mu\u00f1ecas Mayeli o uno de nuestros juguetes el proceso es muy sencillo: \u00a0 Elige una mu\u00f1eca o juguete de nuestro cat\u00e1logo y guarda su n\u00famero. Escr\u00edbenos por Facebook\u00a0 o por Instagram para ver la disponibilidad e informarte bien de todos los detalles. Si la mu\u00f1eca\u00a0 o juguete esta ya realizado,&hellip; <br \/> <a class=\"read-more\" href=\"https:\/\/www.amigosdelcrochet.com\/index.php\/comprar\/\">Leer m\u00e1s<\/a><\/p>\n","protected":false},"author":1,"featured_media":0,"parent":0,"menu_order":0,"comment_status":"closed","ping_status":"closed","template":"","meta":{"footnotes":""},"class_list":["post-945","page","type-page","status-publish","hentry"],"_links":{"self":[{"href":"https:\/\/www.amigosdelcrochet.com\/index.php\/wp-json\/wp\/v2\/pages\/945","targetHints":{"allow":["GET"]}}],"collection":[{"href":"https:\/\/www.amigosdelcrochet.com\/index.php\/wp-json\/wp\/v2\/pages"}],"about":[{"href":"https:\/\/www.amigosdelcrochet.com\/index.php\/wp-json\/wp\/v2\/types\/page"}],"author":[{"embeddable":true,"href":"https:\/\/www.amigosdelcrochet.com\/index.php\/wp-json\/wp\/v2\/users\/1"}],"replies":[{"embeddable":true,"href":"https:\/\/www.amigosdelcrochet.com\/index.php\/wp-json\/wp\/v2\/comments?post=945"}],"version-history":[{"count":44,"href":"https:\/\/www.amigosdelcrochet.com\/index.php\/wp-json\/wp\/v2\/pages\/945\/revisions"}],"predecessor-version":[{"id":1183,"href":"https:\/\/www.amigosdelcrochet.com\/index.php\/wp-json\/wp\/v2\/pages\/945\/revisions\/1183"}],"wp:attachment":[{"href":"https:\/\/www.amigosdelcrochet.com\/index.php\/wp-json\/wp\/v2\/media?parent=945"}],"curies":[{"name":"wp","href":"https:\/\/api.w.org\/{rel}","templated":true}]}}