{"id":231,"date":"2022-01-12T17:57:22","date_gmt":"2022-01-12T16:57:22","guid":{"rendered":"https:\/\/www.amigosdelcrochet.com\/?page_id=231"},"modified":"2022-04-19T15:52:49","modified_gmt":"2022-04-19T13:52:49","slug":"tienda","status":"publish","type":"page","link":"https:\/\/www.amigosdelcrochet.com\/index.php\/tienda\/","title":{"rendered":"Colecciones"},"content":{"rendered":"\t\t<div data-elementor-type=\"wp-page\" data-elementor-id=\"231\" class=\"elementor elementor-231\">\n\t\t\t\t\t\t\t\t\t<section class=\"elementor-section elementor-top-section elementor-element elementor-element-fa3ae43 elementor-section-boxed elementor-section-height-default elementor-section-height-default\" data-id=\"fa3ae43\" data-element_type=\"section\">\n\t\t\t\t\t\t<div class=\"elementor-container elementor-column-gap-default\">\n\t\t\t\t\t<div class=\"elementor-column elementor-col-100 elementor-top-column elementor-element elementor-element-8ef10bd\" data-id=\"8ef10bd\" data-element_type=\"column\">\n\t\t\t<div class=\"elementor-widget-wrap elementor-element-populated\">\n\t\t\t\t\t\t\t\t<div class=\"elementor-element elementor-element-aab2d5b elementor-position-top elementor-vertical-align-top elementor-widget elementor-widget-image-box\" data-id=\"aab2d5b\" data-element_type=\"widget\" data-widget_type=\"image-box.default\">\n\t\t\t\t<div class=\"elementor-widget-container\">\n\t\t\t<style>\/*! elementor - v3.11.2 - 22-02-2023 *\/\n.elementor-widget-image-box .elementor-image-box-content{width:100%}@media (min-width:768px){.elementor-widget-image-box.elementor-position-left .elementor-image-box-wrapper,.elementor-widget-image-box.elementor-position-right .elementor-image-box-wrapper{display:flex}.elementor-widget-image-box.elementor-position-right .elementor-image-box-wrapper{text-align:right;flex-direction:row-reverse}.elementor-widget-image-box.elementor-position-left .elementor-image-box-wrapper{text-align:left;flex-direction:row}.elementor-widget-image-box.elementor-position-top .elementor-image-box-img{margin:auto}.elementor-widget-image-box.elementor-vertical-align-top .elementor-image-box-wrapper{align-items:flex-start}.elementor-widget-image-box.elementor-vertical-align-middle .elementor-image-box-wrapper{align-items:center}.elementor-widget-image-box.elementor-vertical-align-bottom .elementor-image-box-wrapper{align-items:flex-end}}@media (max-width:767px){.elementor-widget-image-box .elementor-image-box-img{margin-left:auto!important;margin-right:auto!important;margin-bottom:15px}}.elementor-widget-image-box .elementor-image-box-img{display:inline-block}.elementor-widget-image-box .elementor-image-box-title a{color:inherit}.elementor-widget-image-box .elementor-image-box-wrapper{text-align:center}.elementor-widget-image-box .elementor-image-box-description{margin:0}<\/style><div class=\"elementor-image-box-wrapper\"><figure class=\"elementor-image-box-img\"><img loading=\"lazy\" decoding=\"async\" width=\"1048\" height=\"1032\" src=\"https:\/\/www.amigosdelcrochet.com\/wp-content\/uploads\/2022\/01\/WhatsApp-Image-2022-01-12-at-6.15.40-PM.jpeg\" class=\"attachment-full size-full wp-image-240\" alt=\"\" srcset=\"https:\/\/www.amigosdelcrochet.com\/wp-content\/uploads\/2022\/01\/WhatsApp-Image-2022-01-12-at-6.15.40-PM.jpeg 1048w, https:\/\/www.amigosdelcrochet.com\/wp-content\/uploads\/2022\/01\/WhatsApp-Image-2022-01-12-at-6.15.40-PM-300x295.jpeg 300w, https:\/\/www.amigosdelcrochet.com\/wp-content\/uploads\/2022\/01\/WhatsApp-Image-2022-01-12-at-6.15.40-PM-1024x1008.jpeg 1024w, https:\/\/www.amigosdelcrochet.com\/wp-content\/uploads\/2022\/01\/WhatsApp-Image-2022-01-12-at-6.15.40-PM-768x756.jpeg 768w\" sizes=\"auto, (max-width: 1048px) 100vw, 1048px\" \/><\/figure><div class=\"elementor-image-box-content\"><h3 class=\"elementor-image-box-title\">AMIGURUMIS<\/h3><p class=\"elementor-image-box-description\">Tejemos amigurumis para todos los gustos y ocasiones, ya sean personalizados de tus mascotas ,objetos, recuerdos o tambi\u00e9n lindos mu\u00f1equitos de dibujos animados que seguro agradecer\u00e1s tener en casa<\/p><\/div><\/div>\t\t<\/div>\n\t\t\t\t<\/div>\n\t\t\t\t\t<\/div>\n\t\t<\/div>\n\t\t\t\t\t\t\t<\/div>\n\t\t<\/section>\n\t\t\t\t<section class=\"elementor-section elementor-top-section elementor-element elementor-element-dda6ba5 elementor-section-boxed elementor-section-height-default elementor-section-height-default\" data-id=\"dda6ba5\" data-element_type=\"section\">\n\t\t\t\t\t\t<div class=\"elementor-container elementor-column-gap-default\">\n\t\t\t\t\t<div class=\"elementor-column elementor-col-100 elementor-top-column elementor-element elementor-element-084ae0f\" data-id=\"084ae0f\" data-element_type=\"column\">\n\t\t\t<div class=\"elementor-widget-wrap elementor-element-populated\">\n\t\t\t\t\t\t\t\t<div class=\"elementor-element elementor-element-537a390 elementor-align-center elementor-widget elementor-widget-button\" data-id=\"537a390\" data-element_type=\"widget\" data-widget_type=\"button.default\">\n\t\t\t\t<div class=\"elementor-widget-container\">\n\t\t\t\t\t<div class=\"elementor-button-wrapper\">\n\t\t\t<a href=\"https:\/\/www.amigosdelcrochet.com\/index.php\/amigurumi\/\" target=\"_blank\" class=\"elementor-button-link elementor-button elementor-size-sm\" role=\"button\">\n\t\t\t\t\t\t<span class=\"elementor-button-content-wrapper\">\n\t\t\t\t\t\t<span class=\"elementor-button-text\">Haz clic aqu\u00ed<\/span>\n\t\t<\/span>\n\t\t\t\t\t<\/a>\n\t\t<\/div>\n\t\t\t\t<\/div>\n\t\t\t\t<\/div>\n\t\t\t\t\t<\/div>\n\t\t<\/div>\n\t\t\t\t\t\t\t<\/div>\n\t\t<\/section>\n\t\t\t\t<section class=\"elementor-section elementor-top-section elementor-element elementor-element-fa9e23f elementor-section-boxed elementor-section-height-default elementor-section-height-default\" data-id=\"fa9e23f\" data-element_type=\"section\">\n\t\t\t\t\t\t<div class=\"elementor-container elementor-column-gap-default\">\n\t\t\t\t\t<div class=\"elementor-column elementor-col-100 elementor-top-column elementor-element elementor-element-f8dc566\" data-id=\"f8dc566\" data-element_type=\"column\">\n\t\t\t<div class=\"elementor-widget-wrap elementor-element-populated\">\n\t\t\t\t\t\t\t\t<div class=\"elementor-element elementor-element-c761d58 elementor-position-top elementor-vertical-align-top elementor-widget elementor-widget-image-box\" data-id=\"c761d58\" data-element_type=\"widget\" data-widget_type=\"image-box.default\">\n\t\t\t\t<div class=\"elementor-widget-container\">\n\t\t\t<div class=\"elementor-image-box-wrapper\"><figure class=\"elementor-image-box-img\"><img loading=\"lazy\" decoding=\"async\" width=\"1018\" height=\"908\" src=\"https:\/\/www.amigosdelcrochet.com\/wp-content\/uploads\/2022\/01\/WhatsApp-Image-2022-01-12-at-6.16.08-PM.jpeg\" class=\"attachment-full size-full wp-image-244\" alt=\"\" srcset=\"https:\/\/www.amigosdelcrochet.com\/wp-content\/uploads\/2022\/01\/WhatsApp-Image-2022-01-12-at-6.16.08-PM.jpeg 1018w, https:\/\/www.amigosdelcrochet.com\/wp-content\/uploads\/2022\/01\/WhatsApp-Image-2022-01-12-at-6.16.08-PM-300x268.jpeg 300w, https:\/\/www.amigosdelcrochet.com\/wp-content\/uploads\/2022\/01\/WhatsApp-Image-2022-01-12-at-6.16.08-PM-768x685.jpeg 768w\" sizes=\"auto, (max-width: 1018px) 100vw, 1018px\" \/><\/figure><div class=\"elementor-image-box-content\"><h3 class=\"elementor-image-box-title\">TEJIENDO PARA EL BEBE<\/h3><p class=\"elementor-image-box-description\">Aqu\u00ed encontrar\u00e1s muchas opciones para tu beb\u00e9 o para regalar , zapatillas, chupeteros, sonajeros, capoticos, manoplas y m\u00e1s<\/p><\/div><\/div>\t\t<\/div>\n\t\t\t\t<\/div>\n\t\t\t\t\t<\/div>\n\t\t<\/div>\n\t\t\t\t\t\t\t<\/div>\n\t\t<\/section>\n\t\t\t\t<section class=\"elementor-section elementor-top-section elementor-element elementor-element-fb08836 elementor-section-boxed elementor-section-height-default elementor-section-height-default\" data-id=\"fb08836\" data-element_type=\"section\">\n\t\t\t\t\t\t<div class=\"elementor-container elementor-column-gap-default\">\n\t\t\t\t\t<div class=\"elementor-column elementor-col-100 elementor-top-column elementor-element elementor-element-d16c788\" data-id=\"d16c788\" data-element_type=\"column\">\n\t\t\t<div class=\"elementor-widget-wrap elementor-element-populated\">\n\t\t\t\t\t\t\t\t<div class=\"elementor-element elementor-element-fb3abda elementor-align-center elementor-widget elementor-widget-button\" data-id=\"fb3abda\" data-element_type=\"widget\" data-widget_type=\"button.default\">\n\t\t\t\t<div class=\"elementor-widget-container\">\n\t\t\t\t\t<div class=\"elementor-button-wrapper\">\n\t\t\t<a href=\"https:\/\/www.amigosdelcrochet.com\/index.php\/tejiendo-para-el-bebe\/\" class=\"elementor-button-link elementor-button elementor-size-sm\" role=\"button\">\n\t\t\t\t\t\t<span class=\"elementor-button-content-wrapper\">\n\t\t\t\t\t\t<span class=\"elementor-button-text\">Haz clic aqu<\/span>\n\t\t<\/span>\n\t\t\t\t\t<\/a>\n\t\t<\/div>\n\t\t\t\t<\/div>\n\t\t\t\t<\/div>\n\t\t\t\t\t<\/div>\n\t\t<\/div>\n\t\t\t\t\t\t\t<\/div>\n\t\t<\/section>\n\t\t\t\t<section class=\"elementor-section elementor-top-section elementor-element elementor-element-607700f elementor-section-boxed elementor-section-height-default elementor-section-height-default\" data-id=\"607700f\" data-element_type=\"section\">\n\t\t\t\t\t\t<div class=\"elementor-container elementor-column-gap-default\">\n\t\t\t\t\t<div class=\"elementor-column elementor-col-100 elementor-top-column elementor-element elementor-element-60e1670\" data-id=\"60e1670\" data-element_type=\"column\">\n\t\t\t<div class=\"elementor-widget-wrap elementor-element-populated\">\n\t\t\t\t\t\t\t\t<div class=\"elementor-element elementor-element-3b46e87 elementor-position-top elementor-vertical-align-top elementor-widget elementor-widget-image-box\" data-id=\"3b46e87\" data-element_type=\"widget\" data-widget_type=\"image-box.default\">\n\t\t\t\t<div class=\"elementor-widget-container\">\n\t\t\t<div class=\"elementor-image-box-wrapper\"><figure class=\"elementor-image-box-img\"><img loading=\"lazy\" decoding=\"async\" width=\"1080\" height=\"1036\" src=\"https:\/\/www.amigosdelcrochet.com\/wp-content\/uploads\/2022\/01\/WhatsApp-Image-2022-01-12-at-6.52.50-PM.jpeg\" class=\"attachment-full size-full wp-image-258\" alt=\"\" srcset=\"https:\/\/www.amigosdelcrochet.com\/wp-content\/uploads\/2022\/01\/WhatsApp-Image-2022-01-12-at-6.52.50-PM.jpeg 1080w, https:\/\/www.amigosdelcrochet.com\/wp-content\/uploads\/2022\/01\/WhatsApp-Image-2022-01-12-at-6.52.50-PM-300x288.jpeg 300w, https:\/\/www.amigosdelcrochet.com\/wp-content\/uploads\/2022\/01\/WhatsApp-Image-2022-01-12-at-6.52.50-PM-1024x982.jpeg 1024w, https:\/\/www.amigosdelcrochet.com\/wp-content\/uploads\/2022\/01\/WhatsApp-Image-2022-01-12-at-6.52.50-PM-768x737.jpeg 768w\" sizes=\"auto, (max-width: 1080px) 100vw, 1080px\" \/><\/figure><div class=\"elementor-image-box-content\"><h3 class=\"elementor-image-box-title\">PARA LA CASA<\/h3><p class=\"elementor-image-box-description\">Varias opciones a crochet para adornar tus espacios <\/p><\/div><\/div>\t\t<\/div>\n\t\t\t\t<\/div>\n\t\t\t\t\t<\/div>\n\t\t<\/div>\n\t\t\t\t\t\t\t<\/div>\n\t\t<\/section>\n\t\t\t\t<section class=\"elementor-section elementor-top-section elementor-element elementor-element-7461501 elementor-section-boxed elementor-section-height-default elementor-section-height-default\" data-id=\"7461501\" data-element_type=\"section\">\n\t\t\t\t\t\t<div class=\"elementor-container elementor-column-gap-default\">\n\t\t\t\t\t<div class=\"elementor-column elementor-col-100 elementor-top-column elementor-element elementor-element-7b60c17\" data-id=\"7b60c17\" data-element_type=\"column\">\n\t\t\t<div class=\"elementor-widget-wrap elementor-element-populated\">\n\t\t\t\t\t\t\t\t<div class=\"elementor-element elementor-element-bff4216 elementor-align-center elementor-widget elementor-widget-button\" data-id=\"bff4216\" data-element_type=\"widget\" data-widget_type=\"button.default\">\n\t\t\t\t<div class=\"elementor-widget-container\">\n\t\t\t\t\t<div class=\"elementor-button-wrapper\">\n\t\t\t<a href=\"https:\/\/www.amigosdelcrochet.com\/index.php\/para-la-casa\/\" class=\"elementor-button-link elementor-button elementor-size-sm\" role=\"button\">\n\t\t\t\t\t\t<span class=\"elementor-button-content-wrapper\">\n\t\t\t\t\t\t<span class=\"elementor-button-text\">Haz clic aqu\u00ed<\/span>\n\t\t<\/span>\n\t\t\t\t\t<\/a>\n\t\t<\/div>\n\t\t\t\t<\/div>\n\t\t\t\t<\/div>\n\t\t\t\t\t<\/div>\n\t\t<\/div>\n\t\t\t\t\t\t\t<\/div>\n\t\t<\/section>\n\t\t\t\t\t\t\t<\/div>\n\t\t","protected":false},"excerpt":{"rendered":"<p>AMIGURUMIS Tejemos amigurumis para todos los gustos y ocasiones, ya sean personalizados de tus mascotas ,objetos, recuerdos o tambi\u00e9n lindos mu\u00f1equitos de dibujos animados que seguro agradecer\u00e1s tener en casa Haz clic aqu\u00ed TEJIENDO PARA EL BEBE Aqu\u00ed encontrar\u00e1s muchas opciones para tu beb\u00e9 o para regalar , zapatillas, chupeteros, sonajeros, capoticos, manoplas y m\u00e1s&hellip; <br \/> <a class=\"read-more\" href=\"https:\/\/www.amigosdelcrochet.com\/index.php\/tienda\/\">Leer m\u00e1s<\/a><\/p>\n","protected":false},"author":1,"featured_media":0,"parent":0,"menu_order":0,"comment_status":"closed","ping_status":"closed","template":"","meta":{"footnotes":""},"class_list":["post-231","page","type-page","status-publish","hentry"],"_links":{"self":[{"href":"https:\/\/www.amigosdelcrochet.com\/index.php\/wp-json\/wp\/v2\/pages\/231","targetHints":{"allow":["GET"]}}],"collection":[{"href":"https:\/\/www.amigosdelcrochet.com\/index.php\/wp-json\/wp\/v2\/pages"}],"about":[{"href":"https:\/\/www.amigosdelcrochet.com\/index.php\/wp-json\/wp\/v2\/types\/page"}],"author":[{"embeddable":true,"href":"https:\/\/www.amigosdelcrochet.com\/index.php\/wp-json\/wp\/v2\/users\/1"}],"replies":[{"embeddable":true,"href":"https:\/\/www.amigosdelcrochet.com\/index.php\/wp-json\/wp\/v2\/comments?post=231"}],"version-history":[{"count":38,"href":"https:\/\/www.amigosdelcrochet.com\/index.php\/wp-json\/wp\/v2\/pages\/231\/revisions"}],"predecessor-version":[{"id":922,"href":"https:\/\/www.amigosdelcrochet.com\/index.php\/wp-json\/wp\/v2\/pages\/231\/revisions\/922"}],"wp:attachment":[{"href":"https:\/\/www.amigosdelcrochet.com\/index.php\/wp-json\/wp\/v2\/media?parent=231"}],"curies":[{"name":"wp","href":"https:\/\/api.w.org\/{rel}","templated":true}]}}