{"id":1060,"date":"2022-04-19T19:42:45","date_gmt":"2022-04-19T17:42:45","guid":{"rendered":"https:\/\/www.amigosdelcrochet.com\/?page_id=1060"},"modified":"2022-04-19T20:07:09","modified_gmt":"2022-04-19T18:07:09","slug":"kit-mi-propio-amigurumi","status":"publish","type":"page","link":"https:\/\/www.amigosdelcrochet.com\/index.php\/kit-mi-propio-amigurumi\/","title":{"rendered":"Kit \u00abMi propio Amigurumi\u00bb"},"content":{"rendered":"\t\t<div data-elementor-type=\"wp-page\" data-elementor-id=\"1060\" class=\"elementor elementor-1060\">\n\t\t\t\t\t\t\t\t\t<section class=\"elementor-section elementor-top-section elementor-element elementor-element-731ffee elementor-section-boxed elementor-section-height-default elementor-section-height-default\" data-id=\"731ffee\" data-element_type=\"section\">\n\t\t\t\t\t\t<div class=\"elementor-container elementor-column-gap-default\">\n\t\t\t\t\t<div class=\"elementor-column elementor-col-100 elementor-top-column elementor-element elementor-element-cc66f11\" data-id=\"cc66f11\" data-element_type=\"column\">\n\t\t\t<div class=\"elementor-widget-wrap elementor-element-populated\">\n\t\t\t\t\t\t\t\t<div class=\"elementor-element elementor-element-7eb3780 elementor-widget elementor-widget-text-editor\" data-id=\"7eb3780\" data-element_type=\"widget\" data-widget_type=\"text-editor.default\">\n\t\t\t\t<div class=\"elementor-widget-container\">\n\t\t\t<style>\/*! elementor - v3.11.2 - 22-02-2023 *\/\n.elementor-widget-text-editor.elementor-drop-cap-view-stacked .elementor-drop-cap{background-color:#818a91;color:#fff}.elementor-widget-text-editor.elementor-drop-cap-view-framed .elementor-drop-cap{color:#818a91;border:3px solid;background-color:transparent}.elementor-widget-text-editor:not(.elementor-drop-cap-view-default) .elementor-drop-cap{margin-top:8px}.elementor-widget-text-editor:not(.elementor-drop-cap-view-default) .elementor-drop-cap-letter{width:1em;height:1em}.elementor-widget-text-editor .elementor-drop-cap{float:left;text-align:center;line-height:1;font-size:50px}.elementor-widget-text-editor .elementor-drop-cap-letter{display:inline-block}<\/style>\t\t\t\t<p>Te atrever\u00edas a tejer tu propio Amigurumi?<\/p><p>\u00a0Con estos Kit de knittingfriends_manualidades seguro te resultar\u00e1 muy f\u00e1cil, tendr\u00e1s el patr\u00f3n del paso a paso con im\u00e1genes, el ovillo de hilo para tejerlo, la aguja de crochet, el hilo de bordar, los ojitos y nariz de seguridad y el marcador de vueltas,<span style=\"color: var( --e-global-color-text ); font-family: var( --e-global-typography-text-font-family ), Sans-serif; font-weight: var( --e-global-typography-text-font-weight );\">\u00a0todos los materiales que necesitas! .<\/span><\/p><p><span style=\"color: var( --e-global-color-text ); font-family: var( --e-global-typography-text-font-family ), Sans-serif; font-weight: var( --e-global-typography-text-font-weight );\">A que esperas para empezar ?<\/span><\/p><p><span style=\"color: var( --e-global-color-text ); font-family: var( --e-global-typography-text-font-family ), Sans-serif; font-weight: var( --e-global-typography-text-font-weight );\">El precio es 15 euros, envio incluido (Espa\u00f1a)<\/span><\/p><p>Si quieres otro material, como por ejemplo mas lana o relleno de fibra o algo que te interese solo tienes que escribirnos por <a href=\"https:\/\/www.instagram.com\/knittingfriends_manualidades\/\"><b>Instagram <\/b><\/a>o<a href=\"https:\/\/www.facebook.com\/amigosdelcrochet\/\"><b> Facebook <\/b><\/a>y con gusto te atenderemos\u00a0<\/p><p>\u00a0<\/p>\t\t\t\t\t\t<\/div>\n\t\t\t\t<\/div>\n\t\t\t\t<div class=\"elementor-element elementor-element-51c551f elementor-align-center elementor-widget elementor-widget-button\" data-id=\"51c551f\" data-element_type=\"widget\" data-widget_type=\"button.default\">\n\t\t\t\t<div class=\"elementor-widget-container\">\n\t\t\t\t\t<div class=\"elementor-button-wrapper\">\n\t\t\t<a href=\"https:\/\/www.amigosdelcrochet.com\/index.php\/comprar\/\" class=\"elementor-button-link elementor-button elementor-size-sm\" role=\"button\">\n\t\t\t\t\t\t<span class=\"elementor-button-content-wrapper\">\n\t\t\t\t\t\t<span class=\"elementor-button-text\">Comprar<\/span>\n\t\t<\/span>\n\t\t\t\t\t<\/a>\n\t\t<\/div>\n\t\t\t\t<\/div>\n\t\t\t\t<\/div>\n\t\t\t\t\t<\/div>\n\t\t<\/div>\n\t\t\t\t\t\t\t<\/div>\n\t\t<\/section>\n\t\t\t\t<section class=\"elementor-section elementor-top-section elementor-element elementor-element-c8e1554 elementor-section-boxed elementor-section-height-default elementor-section-height-default\" data-id=\"c8e1554\" data-element_type=\"section\">\n\t\t\t\t\t\t<div class=\"elementor-container elementor-column-gap-default\">\n\t\t\t\t\t<div class=\"elementor-column elementor-col-100 elementor-top-column elementor-element elementor-element-729e91d\" data-id=\"729e91d\" data-element_type=\"column\">\n\t\t\t<div class=\"elementor-widget-wrap elementor-element-populated\">\n\t\t\t\t\t\t\t\t<div class=\"elementor-element elementor-element-e31358d elementor-widget elementor-widget-spacer\" data-id=\"e31358d\" data-element_type=\"widget\" data-widget_type=\"spacer.default\">\n\t\t\t\t<div class=\"elementor-widget-container\">\n\t\t\t<style>\/*! elementor - v3.11.2 - 22-02-2023 *\/\n.elementor-column .elementor-spacer-inner{height:var(--spacer-size)}.e-con{--container-widget-width:100%}.e-con-inner>.elementor-widget-spacer,.e-con>.elementor-widget-spacer{width:var(--container-widget-width,var(--spacer-size));--align-self:var(--container-widget-align-self,initial);--flex-shrink:0}.e-con-inner>.elementor-widget-spacer>.elementor-widget-container,.e-con-inner>.elementor-widget-spacer>.elementor-widget-container>.elementor-spacer,.e-con>.elementor-widget-spacer>.elementor-widget-container,.e-con>.elementor-widget-spacer>.elementor-widget-container>.elementor-spacer{height:100%}.e-con-inner>.elementor-widget-spacer>.elementor-widget-container>.elementor-spacer>.elementor-spacer-inner,.e-con>.elementor-widget-spacer>.elementor-widget-container>.elementor-spacer>.elementor-spacer-inner{height:var(--container-widget-height,var(--spacer-size))}<\/style>\t\t<div class=\"elementor-spacer\">\n\t\t\t<div class=\"elementor-spacer-inner\"><\/div>\n\t\t<\/div>\n\t\t\t\t<\/div>\n\t\t\t\t<\/div>\n\t\t\t\t\t<\/div>\n\t\t<\/div>\n\t\t\t\t\t\t\t<\/div>\n\t\t<\/section>\n\t\t\t\t<section class=\"elementor-section elementor-top-section elementor-element elementor-element-6ef09c6 elementor-section-boxed elementor-section-height-default elementor-section-height-default\" data-id=\"6ef09c6\" data-element_type=\"section\">\n\t\t\t\t\t\t<div class=\"elementor-container elementor-column-gap-default\">\n\t\t\t\t\t<div class=\"elementor-column elementor-col-33 elementor-top-column elementor-element elementor-element-56b97ff\" data-id=\"56b97ff\" data-element_type=\"column\">\n\t\t\t<div class=\"elementor-widget-wrap elementor-element-populated\">\n\t\t\t\t\t\t\t\t<div class=\"elementor-element elementor-element-90cd2e4 elementor-position-top elementor-vertical-align-top elementor-widget elementor-widget-image-box\" data-id=\"90cd2e4\" data-element_type=\"widget\" data-widget_type=\"image-box.default\">\n\t\t\t\t<div class=\"elementor-widget-container\">\n\t\t\t<style>\/*! elementor - v3.11.2 - 22-02-2023 *\/\n.elementor-widget-image-box .elementor-image-box-content{width:100%}@media (min-width:768px){.elementor-widget-image-box.elementor-position-left .elementor-image-box-wrapper,.elementor-widget-image-box.elementor-position-right .elementor-image-box-wrapper{display:flex}.elementor-widget-image-box.elementor-position-right .elementor-image-box-wrapper{text-align:right;flex-direction:row-reverse}.elementor-widget-image-box.elementor-position-left .elementor-image-box-wrapper{text-align:left;flex-direction:row}.elementor-widget-image-box.elementor-position-top .elementor-image-box-img{margin:auto}.elementor-widget-image-box.elementor-vertical-align-top .elementor-image-box-wrapper{align-items:flex-start}.elementor-widget-image-box.elementor-vertical-align-middle .elementor-image-box-wrapper{align-items:center}.elementor-widget-image-box.elementor-vertical-align-bottom .elementor-image-box-wrapper{align-items:flex-end}}@media (max-width:767px){.elementor-widget-image-box .elementor-image-box-img{margin-left:auto!important;margin-right:auto!important;margin-bottom:15px}}.elementor-widget-image-box .elementor-image-box-img{display:inline-block}.elementor-widget-image-box .elementor-image-box-title a{color:inherit}.elementor-widget-image-box .elementor-image-box-wrapper{text-align:center}.elementor-widget-image-box .elementor-image-box-description{margin:0}<\/style><div class=\"elementor-image-box-wrapper\"><figure class=\"elementor-image-box-img\"><img loading=\"lazy\" decoding=\"async\" width=\"960\" height=\"1200\" src=\"https:\/\/www.amigosdelcrochet.com\/wp-content\/uploads\/2022\/04\/WhatsApp-Image-2022-04-19-at-7.49.45-PM.jpeg\" class=\"attachment-full size-full wp-image-1070\" alt=\"\" srcset=\"https:\/\/www.amigosdelcrochet.com\/wp-content\/uploads\/2022\/04\/WhatsApp-Image-2022-04-19-at-7.49.45-PM.jpeg 960w, https:\/\/www.amigosdelcrochet.com\/wp-content\/uploads\/2022\/04\/WhatsApp-Image-2022-04-19-at-7.49.45-PM-240x300.jpeg 240w, https:\/\/www.amigosdelcrochet.com\/wp-content\/uploads\/2022\/04\/WhatsApp-Image-2022-04-19-at-7.49.45-PM-819x1024.jpeg 819w, https:\/\/www.amigosdelcrochet.com\/wp-content\/uploads\/2022\/04\/WhatsApp-Image-2022-04-19-at-7.49.45-PM-768x960.jpeg 768w, https:\/\/www.amigosdelcrochet.com\/wp-content\/uploads\/2022\/04\/WhatsApp-Image-2022-04-19-at-7.49.45-PM-864x1080.jpeg 864w\" sizes=\"auto, (max-width: 960px) 100vw, 960px\" \/><\/figure><div class=\"elementor-image-box-content\"><h3 class=\"elementor-image-box-title\">Kit \"Mi primer Amigurumi\"<\/h3><p class=\"elementor-image-box-description\">Podr\u00e1s realizar un peque\u00f1o conejito , tendr\u00e1s como gu\u00eda el patr\u00f3n paso a paso y todos los materiales que vas a utilizar: el <span style=\"text-align: left; white-space: normal;\">&nbsp;ovillo de hilo para tejerlo, la aguja de crochet, el hilo de bordar, los ojitos y nariz de seguridad , el relleno de fibra y el marcador de vueltas<\/span><br>el precio es 15 euros<\/p><\/div><\/div>\t\t<\/div>\n\t\t\t\t<\/div>\n\t\t\t\t\t<\/div>\n\t\t<\/div>\n\t\t\t\t<div class=\"elementor-column elementor-col-33 elementor-top-column elementor-element elementor-element-bff6950\" data-id=\"bff6950\" data-element_type=\"column\">\n\t\t\t<div class=\"elementor-widget-wrap elementor-element-populated\">\n\t\t\t\t\t\t\t\t<div class=\"elementor-element elementor-element-c8169ab elementor-position-top elementor-vertical-align-top elementor-widget elementor-widget-image-box\" data-id=\"c8169ab\" data-element_type=\"widget\" data-widget_type=\"image-box.default\">\n\t\t\t\t<div class=\"elementor-widget-container\">\n\t\t\t<div class=\"elementor-image-box-wrapper\"><figure class=\"elementor-image-box-img\"><img loading=\"lazy\" decoding=\"async\" width=\"1060\" height=\"655\" src=\"https:\/\/www.amigosdelcrochet.com\/wp-content\/uploads\/2022\/04\/WhatsApp-Image-2022-04-19-at-7.49.46-PM.jpeg\" class=\"attachment-full size-full wp-image-1068\" alt=\"\" srcset=\"https:\/\/www.amigosdelcrochet.com\/wp-content\/uploads\/2022\/04\/WhatsApp-Image-2022-04-19-at-7.49.46-PM.jpeg 1060w, https:\/\/www.amigosdelcrochet.com\/wp-content\/uploads\/2022\/04\/WhatsApp-Image-2022-04-19-at-7.49.46-PM-300x185.jpeg 300w, https:\/\/www.amigosdelcrochet.com\/wp-content\/uploads\/2022\/04\/WhatsApp-Image-2022-04-19-at-7.49.46-PM-1024x633.jpeg 1024w, https:\/\/www.amigosdelcrochet.com\/wp-content\/uploads\/2022\/04\/WhatsApp-Image-2022-04-19-at-7.49.46-PM-768x475.jpeg 768w\" sizes=\"auto, (max-width: 1060px) 100vw, 1060px\" \/><\/figure><div class=\"elementor-image-box-content\"><h3 class=\"elementor-image-box-title\">Kit \"Bola de Gato\"<\/h3><p class=\"elementor-image-box-description\">Podr\u00e1s realizar una simp\u00e1tica bola de gato del color que elijas , tendr\u00e1s como gu\u00eda el patr\u00f3n paso a paso y todos los materiales que vas a utilizar: el <span style=\"text-align: left; white-space: normal;\">&nbsp;ovillo de hilo para tejerlo, la aguja de crochet, el hilo de bordar, los ojitos y nariz de seguridad , el relleno de fibra y el marcador de vueltas<\/span><br>el precio es 15 euro<\/p><\/div><\/div>\t\t<\/div>\n\t\t\t\t<\/div>\n\t\t\t\t\t<\/div>\n\t\t<\/div>\n\t\t\t\t<div class=\"elementor-column elementor-col-33 elementor-top-column elementor-element elementor-element-55828f7\" data-id=\"55828f7\" data-element_type=\"column\">\n\t\t\t<div class=\"elementor-widget-wrap\">\n\t\t\t\t\t\t\t\t\t<\/div>\n\t\t<\/div>\n\t\t\t\t\t\t\t<\/div>\n\t\t<\/section>\n\t\t\t\t\t\t\t<\/div>\n\t\t","protected":false},"excerpt":{"rendered":"<p>Te atrever\u00edas a tejer tu propio Amigurumi? \u00a0Con estos Kit de knittingfriends_manualidades seguro te resultar\u00e1 muy f\u00e1cil, tendr\u00e1s el patr\u00f3n del paso a paso con im\u00e1genes, el ovillo de hilo para tejerlo, la aguja de crochet, el hilo de bordar, los ojitos y nariz de seguridad y el marcador de vueltas,\u00a0todos los materiales que necesitas!&hellip; <br \/> <a class=\"read-more\" href=\"https:\/\/www.amigosdelcrochet.com\/index.php\/kit-mi-propio-amigurumi\/\">Leer m\u00e1s<\/a><\/p>\n","protected":false},"author":1,"featured_media":0,"parent":0,"menu_order":0,"comment_status":"closed","ping_status":"closed","template":"","meta":{"footnotes":""},"class_list":["post-1060","page","type-page","status-publish","hentry"],"_links":{"self":[{"href":"https:\/\/www.amigosdelcrochet.com\/index.php\/wp-json\/wp\/v2\/pages\/1060","targetHints":{"allow":["GET"]}}],"collection":[{"href":"https:\/\/www.amigosdelcrochet.com\/index.php\/wp-json\/wp\/v2\/pages"}],"about":[{"href":"https:\/\/www.amigosdelcrochet.com\/index.php\/wp-json\/wp\/v2\/types\/page"}],"author":[{"embeddable":true,"href":"https:\/\/www.amigosdelcrochet.com\/index.php\/wp-json\/wp\/v2\/users\/1"}],"replies":[{"embeddable":true,"href":"https:\/\/www.amigosdelcrochet.com\/index.php\/wp-json\/wp\/v2\/comments?post=1060"}],"version-history":[{"count":18,"href":"https:\/\/www.amigosdelcrochet.com\/index.php\/wp-json\/wp\/v2\/pages\/1060\/revisions"}],"predecessor-version":[{"id":1083,"href":"https:\/\/www.amigosdelcrochet.com\/index.php\/wp-json\/wp\/v2\/pages\/1060\/revisions\/1083"}],"wp:attachment":[{"href":"https:\/\/www.amigosdelcrochet.com\/index.php\/wp-json\/wp\/v2\/media?parent=1060"}],"curies":[{"name":"wp","href":"https:\/\/api.w.org\/{rel}","templated":true}]}}