{"id":10,"date":"2021-12-01T10:05:23","date_gmt":"2021-12-01T09:05:23","guid":{"rendered":"https:\/\/www.amigosdelcrochet.com\/?page_id=10"},"modified":"2022-04-19T19:18:51","modified_gmt":"2022-04-19T17:18:51","slug":"acerca-de","status":"publish","type":"page","link":"https:\/\/www.amigosdelcrochet.com\/index.php\/acerca-de\/","title":{"rendered":"Acerca de"},"content":{"rendered":"\n<p>Cuando compras uno de nuestros tejidos a crochet llevas contigo un pedacito del coraz\u00f3n de la persona que lo ha hecho, son horas de dedicaci\u00f3n y paciencia, de experimentos y de fracasos que van \u00a0formando, punto a punto, una bonita copia de una de nuestras mascotas o de alg\u00fan objeto cotidiano, una encantadora mu\u00f1eca o simplemente un recuerdo de algo que queremos compartir contigo. Por eso estamos aqu\u00ed en esta web, para darte ideas, gu\u00edas, consejos y \u00a0para ense\u00f1arte nuestras creaciones, que esperamos que disfrutes de ellas tanto como nosotras haci\u00e9ndolas. Sea como sea, ha llegado el momento de ponerse manos a la obra.<\/p>\n","protected":false},"excerpt":{"rendered":"<p>Cuando compras uno de nuestros tejidos a crochet llevas contigo un pedacito del coraz\u00f3n de la persona que lo ha hecho, son horas de dedicaci\u00f3n y paciencia, de experimentos y de fracasos que van \u00a0formando, punto a punto, una bonita copia de una de nuestras mascotas o de alg\u00fan objeto cotidiano, una encantadora mu\u00f1eca o&hellip; <br \/> <a class=\"read-more\" href=\"https:\/\/www.amigosdelcrochet.com\/index.php\/acerca-de\/\">Leer m\u00e1s<\/a><\/p>\n","protected":false},"author":1,"featured_media":0,"parent":0,"menu_order":0,"comment_status":"closed","ping_status":"closed","template":"","meta":{"footnotes":""},"class_list":["post-10","page","type-page","status-publish","hentry"],"_links":{"self":[{"href":"https:\/\/www.amigosdelcrochet.com\/index.php\/wp-json\/wp\/v2\/pages\/10","targetHints":{"allow":["GET"]}}],"collection":[{"href":"https:\/\/www.amigosdelcrochet.com\/index.php\/wp-json\/wp\/v2\/pages"}],"about":[{"href":"https:\/\/www.amigosdelcrochet.com\/index.php\/wp-json\/wp\/v2\/types\/page"}],"author":[{"embeddable":true,"href":"https:\/\/www.amigosdelcrochet.com\/index.php\/wp-json\/wp\/v2\/users\/1"}],"replies":[{"embeddable":true,"href":"https:\/\/www.amigosdelcrochet.com\/index.php\/wp-json\/wp\/v2\/comments?post=10"}],"version-history":[{"count":6,"href":"https:\/\/www.amigosdelcrochet.com\/index.php\/wp-json\/wp\/v2\/pages\/10\/revisions"}],"predecessor-version":[{"id":1059,"href":"https:\/\/www.amigosdelcrochet.com\/index.php\/wp-json\/wp\/v2\/pages\/10\/revisions\/1059"}],"wp:attachment":[{"href":"https:\/\/www.amigosdelcrochet.com\/index.php\/wp-json\/wp\/v2\/media?parent=10"}],"curies":[{"name":"wp","href":"https:\/\/api.w.org\/{rel}","templated":true}]}}